{"id":336,"date":"2023-02-26T13:42:26","date_gmt":"2023-02-26T12:42:26","guid":{"rendered":"https:\/\/www.shoppingmeile-lyssach.ch\/impressum\/"},"modified":"2023-03-26T13:21:41","modified_gmt":"2023-03-26T11:21:41","slug":"impressum","status":"publish","type":"page","link":"https:\/\/www.shoppingmeile-lyssach.ch\/fr\/impressum\/","title":{"rendered":"Impressum"},"content":{"rendered":"\n<h2 class=\"wp-block-heading\">Contenu et design web<\/h2>\n\n<p>page leuenberger gmbh<br\/>Busswilstrasse 12<br\/>3250 Lyss<br\/>Suisse<\/p>\n\n<p>+41 32 328 75 00<br\/><a href=\"mailto:info@paleu.ch\">info@paleu.ch<\/a><\/p>\n\n<h2 class=\"wp-block-heading\">Clause de non-responsabilit\u00e9<\/h2>\n\n<p>Tous droits r\u00e9serv\u00e9s. Les images, textes, graphiques et autres \u0153uvres pr\u00e9sent\u00e9es et publi\u00e9es sur ce site web ainsi que leur disposition sont soumis au copyright de page leuenberger gmbh. L&rsquo;envoi, la reproduction, la copie, la modification et la diffusion du contenu de ce site sont interdits sans l&rsquo;autorisation expresse de page leuenberger gmbh.<\/p>\n","protected":false},"excerpt":{"rendered":"<p>Contenu et design web page leuenberger gmbhBusswilstrasse 123250 LyssSuisse +41 32 328 75 00info@paleu.ch Clause de non-responsabilit\u00e9 Tous droits r\u00e9serv\u00e9s. Les images, textes, graphiques et autres \u0153uvres pr\u00e9sent\u00e9es et publi\u00e9es sur ce site web ainsi que leur disposition sont soumis au copyright de page leuenberger gmbh. L&rsquo;envoi, la reproduction, la copie, la modification et la &#8230; <a title=\"Impressum\" class=\"read-more\" href=\"https:\/\/www.shoppingmeile-lyssach.ch\/fr\/impressum\/\" aria-label=\"En savoir plus sur Impressum\">Lire la suite<\/a><\/p>\n","protected":false},"author":1,"featured_media":0,"parent":0,"menu_order":0,"comment_status":"closed","ping_status":"closed","template":"","meta":{"_acf_changed":false,"inline_featured_image":false,"footnotes":""},"class_list":["post-336","page","type-page","status-publish"],"acf":[],"_links":{"self":[{"href":"https:\/\/www.shoppingmeile-lyssach.ch\/fr\/wp-json\/wp\/v2\/pages\/336","targetHints":{"allow":["GET"]}}],"collection":[{"href":"https:\/\/www.shoppingmeile-lyssach.ch\/fr\/wp-json\/wp\/v2\/pages"}],"about":[{"href":"https:\/\/www.shoppingmeile-lyssach.ch\/fr\/wp-json\/wp\/v2\/types\/page"}],"author":[{"embeddable":true,"href":"https:\/\/www.shoppingmeile-lyssach.ch\/fr\/wp-json\/wp\/v2\/users\/1"}],"replies":[{"embeddable":true,"href":"https:\/\/www.shoppingmeile-lyssach.ch\/fr\/wp-json\/wp\/v2\/comments?post=336"}],"version-history":[{"count":1,"href":"https:\/\/www.shoppingmeile-lyssach.ch\/fr\/wp-json\/wp\/v2\/pages\/336\/revisions"}],"predecessor-version":[{"id":337,"href":"https:\/\/www.shoppingmeile-lyssach.ch\/fr\/wp-json\/wp\/v2\/pages\/336\/revisions\/337"}],"wp:attachment":[{"href":"https:\/\/www.shoppingmeile-lyssach.ch\/fr\/wp-json\/wp\/v2\/media?parent=336"}],"curies":[{"name":"wp","href":"https:\/\/api.w.org\/{rel}","templated":true}]}}